{"id":10,"date":"2011-08-12T12:26:11","date_gmt":"2011-08-12T10:26:11","guid":{"rendered":"http:\/\/www.gonvisor.com\/es\/?page_id=10"},"modified":"2016-01-31T23:37:41","modified_gmt":"2016-01-31T22:37:41","slug":"funciones-de-gonvisor","status":"publish","type":"page","link":"https:\/\/www.gonvisor.com\/es\/funciones-de-gonvisor","title":{"rendered":"Funciones"},"content":{"rendered":"<p>GonVisor es un visor de im\u00e1genes, c\u00f3mics, revistas y libros en formato electr\u00f3nico para Windows. Creado para visualizar c\u00f3modamente secuencias de im\u00e1genes y para crear, abrir y gestionar ficheros cbr, cbz, cba, cb7, zip, rar, ace o 7zip. As\u00ed, GonVisor permite al usuario agrupar en un s\u00f3lo fichero una cantidad ilimitada de im\u00e1genes, como un \u00e1lbum, cuyo acceso adem\u00e1s puede protegerse por contrase\u00f1a.<\/p>\n<ul>\n<li><strong>Visionado de ficheros<\/strong> \u00a1GonVisor lo abre todo!\n<ul>\n<li><strong>Ficheros de imagen:<\/strong> Abre todo tipo de ficheros est\u00e1ndar.<\/li>\n<li><strong>Ficheros cb*:<\/strong> Abre comics en formato cbr, cbz, cba, cb7, conteniendo diferentes formatos de imagen (jpg, png, tif, webp&#8230;) y pudiendo estar protegidos por contrase\u00f1a.<\/li>\n<li><strong>Carpetas de im\u00e1genes:<\/strong> Abre todas las im\u00e1genes contenidas en la carpeta seleccionada.<\/li>\n<li><strong>PDF\u00b4s:<\/strong> Abre las im\u00e1genes que contenga un fichero pdf (Utilizando pdftohtml).<\/li>\n<li><strong>Ficheros comprimidos:<\/strong> Abre las im\u00e1genes comprimidas en un fichero rar, zip, ace o 7zip.<\/li>\n<li><strong>Extracci\u00f3n de im\u00e1genes:<\/strong> Extrae todas las im\u00e1genes a una carpeta, obteniendo los ficheros contenidos en un cbr, cbz, cba, cb7 o pdf.<\/li>\n<li><strong>Bookmarks:<\/strong> Permite establecer marcas de p\u00e1gina para continuar el visionado donde se qued\u00f3.<\/li>\n<\/ul>\n<\/li>\n<li><strong>Gesti\u00f3n de ficheros cbr, cbz, cba, cb7:<\/strong> \u00a1Gestiona tus colecciones de c\u00f3mics!\n<ul>\n<li><strong>Creaci\u00f3n de cb*:<\/strong> Puedes crear ficheros cbr y cbz que contengan un grupo de im\u00e1genes seleccionado, definiendo el orden de las im\u00e1genes, a\u00f1adiendo descripci\u00f3n(autor, fecha, tipo, comentario\u2026) y pudiendo protegerlo con contrase\u00f1a.<\/li>\n<li><strong>Gesti\u00f3n y evaluaci\u00f3n de cb*:<\/strong> Te permite hacer b\u00fasquedas personalizadas de todos tus ficheros cb*,<br \/>\nmostrando su informaci\u00f3n b\u00e1sica, indicando cuales has le\u00eddo o tienes a medias y pudiendo puntuarlos,<br \/>\nas\u00ed f\u00e1cilmente puedes tener un ranking de tus c\u00f3mics favoritos.<\/li>\n<li><strong>Creaci\u00f3n de presentaciones:<\/strong> Se pueden crear presentaciones de im\u00e1genes personalizadas,<br \/>\nestableci\u00e9ndose el tiempo de transici\u00f3n entre cada imagen.<\/li>\n<\/ul>\n<\/li>\n<li><strong>Control del visionado:<\/strong> \u00a1GonVisor muestra y navega por las im\u00e1genes como quieras!\n<ul>\n<li><strong>Interfaz r\u00e1pida:<\/strong> GonVisor tiene una interfaz sencilla, intuitiva y r\u00e1pida para visualizar<br \/>\nsecuencias de im\u00e1genes.<\/li>\n<li><strong>Reducci\u00f3n de m\u00e1rgenes:<\/strong> GonVisor dispone de un setting para detectar autom\u00e1ticamente los m\u00e1rgenes de la imagen y los elimine, dejando toda la pantalla para la parte \u00fatil de la imagen.<\/li>\n<li><strong>Doble P\u00e1gina:<\/strong> Puedes visualizar dos p\u00e1ginas a la vez, como si leyeras un c\u00f3mic o un libro. Puedes<br \/>\nconfigurar como emparejas las p\u00e1ginas y con qu\u00e9 orientaci\u00f3n.<\/li>\n<li><strong>Mejora de la Imagen:<\/strong> GonVisor incorpora varios filtros de imagen para mejorar im\u00e1genes mal<br \/>\ntomadas o escaneadas. Se puede aplicar distinto niveles de normalizado, contraste y suavizado.<\/li>\n<li><strong>Lupa:<\/strong> Convierte el cursor en una lupa totalmente configurable para ampliar zonas concreta de la<br \/>\nimagen.<\/li>\n<li><strong>Full Screen:<\/strong> Deja que GonVisor ocupe toda tu pantalla.<\/li>\n<li><strong>AutoPasar Im\u00e1genes:<\/strong> Es posible seleccionar que las im\u00e1genes se pasen autom\u00e1ticamente, definiendo<br \/>\nel tiempo de transici\u00f3n.<\/li>\n<li><strong>Salto de l\u00ednea:<\/strong> Recorre las im\u00e1genes l\u00ednea a l\u00ednea, como si se leyera un comic.<\/li>\n<li><strong>Transici\u00f3n de im\u00e1genes:<\/strong> Selecciona que las im\u00e1genes se cambien simulando el efecto de pasar<br \/>\np\u00e1ginas en un libro, o cualquiera de los otros efectos configurables disponibles.<\/li>\n<li><strong>Teclas R\u00e1pidas y Rat\u00f3n configurables:<\/strong> Configura libremente como quieres actuar sobre GonVisor<br \/>\nmediate teclas r\u00e1pidas y los botones del rat\u00f3n.<\/li>\n<li><strong>Rat\u00f3n configurable:<\/strong> Personaliza las acciones para cada bot\u00f3n o rueda del rat\u00f3n.<\/li>\n<li><strong>Ajuste de imagen:<\/strong> \u00a1GonVisor ajusta las im\u00e1genes a tus necesidades!<\/li>\n<\/ul>\n<\/li>\n<li><strong>Ajuste autom\u00e1tico:<\/strong> GonVisor adapta la imagen al tama\u00f1o de tu pantalla.\n<ul>\n<li><strong>Zoom:<\/strong> La imagen se puede ampliar o reducir usando la funci\u00f3n de zoom.<\/li>\n<li><strong>Rotaci\u00f3n:<\/strong> Rota las im\u00e1genes como quieras, pudiendo guardarlas con su nueva orientaci\u00f3n.<\/li>\n<\/ul>\n<\/li>\n<li><strong>Imprimir:<\/strong> \u00a1Deja que GonVisor plasme en papel tus archivos!\n<ul>\n<li><strong>Impresi\u00f3n sencilla y ajustada:<\/strong> Las im\u00e1genes cargadas pueden imprimirse f\u00e1cilmente, ajust\u00e1ndose<br \/>\nal tama\u00f1o deseado. De esta manera se puede imprimir con un click ficheros cbr, cbz, cba, cb7 que contengan comics, revistas y otros grupos de im\u00e1genes. Adem\u00e1s puedes definir las p\u00e1ginas a imprimir como si maquetaras un c\u00f3mic o revista.<\/li>\n<li><strong>Creaci\u00f3n de PDF\u00b4s:<\/strong> Es posible crear un documento pdf con las im\u00e1genes cargadas simplemente<br \/>\nimprimiendo sobre dispositivo virtual de creaci\u00f3n de pdf, como PDF Creator.<\/li>\n<\/ul>\n<\/li>\n<li><strong>Integraci\u00f3n en Windows:<\/strong> \u00a1GonVisor se integra en Windows!\n<ul>\n<li><strong>Abrir cb*:<\/strong> Ficheros de imagen, carpetas, ficheros cbr, cbz, cba, rar, zip.. pueden ser abiertos,<br \/>\narrastrados o encolados a GonVisor desde el explorador de Windows.<\/li>\n<li><strong>Gesti\u00f3n de im\u00e1genes:<\/strong> Renombra masivamente los ficheros de Imagen desde GonVisor.<\/li>\n<li><strong>Ficheros recientes:<\/strong> GonVisor mantiene su propio hist\u00f3rico de ficheros recientes.<\/li>\n<li><strong>Siempre encima:<\/strong> GonVisor tiene el modo \u201cSiempre encima\u201d que mantiene la ventana de GonVisor<br \/>\nencima de otras aplicaciones.<\/li>\n<\/ul>\n<\/li>\n<li><strong>Otros:<\/strong> \u00a1Descubre los peque\u00f1os detalles de GonVisor!\n<ul>\n<li><strong>Control de tu m\u00fasica:<\/strong> Controla desde GonVisor la reproducci\u00f3n de m\u00fasica por Winamp y Windows<br \/>\nMedia Player.<\/li>\n<li><strong>Boss Key:<\/strong> Tecla \u201cQue viene el Jefe\u201d para camuflar r\u00e1pidamente la ventana de GonVisor sin ser<br \/>\ndescubierto.<\/li>\n<li><strong>Estad\u00edsticas:<\/strong> GonVisor almacena sus estad\u00edsticas de uso, as\u00ed puedes saber cuanto tiempo inviertes en tus lecturas favoritas.<\/li>\n<li><strong>Compatibilidad:<\/strong> GonVisor es pr\u00e1cticamente compatible con Unix usando Wine.<\/li>\n<\/ul>\n<\/li>\n<li><strong>Idiomas:<\/strong> \u00a1GonVisor aprende idiomas!\n<ul>\n<li><strong>Multilenguaje:<\/strong> Disponible en Espa\u00f1ol, Ingl\u00e9s, Portugu\u00e9s, Italiano, Franc\u00e9s, Alem\u00e1n, Checo, Serbio y Holand\u00e9s.<\/li>\n<\/ul>\n<\/li>\n<\/ul>\n","protected":false},"excerpt":{"rendered":"<p>GonVisor es un visor de im\u00e1genes, c\u00f3mics, revistas y libros en formato electr\u00f3nico para Windows. Creado para visualizar c\u00f3modamente secuencias de im\u00e1genes y para crear, abrir y gestionar ficheros cbr, [&hellip;]<\/p>\n","protected":false},"author":1,"featured_media":0,"parent":0,"menu_order":0,"comment_status":"open","ping_status":"closed","template":"","meta":[],"_links":{"self":[{"href":"https:\/\/www.gonvisor.com\/es\/wp-json\/wp\/v2\/pages\/10"}],"collection":[{"href":"https:\/\/www.gonvisor.com\/es\/wp-json\/wp\/v2\/pages"}],"about":[{"href":"https:\/\/www.gonvisor.com\/es\/wp-json\/wp\/v2\/types\/page"}],"author":[{"embeddable":true,"href":"https:\/\/www.gonvisor.com\/es\/wp-json\/wp\/v2\/users\/1"}],"replies":[{"embeddable":true,"href":"https:\/\/www.gonvisor.com\/es\/wp-json\/wp\/v2\/comments?post=10"}],"version-history":[{"count":23,"href":"https:\/\/www.gonvisor.com\/es\/wp-json\/wp\/v2\/pages\/10\/revisions"}],"predecessor-version":[{"id":1187,"href":"https:\/\/www.gonvisor.com\/es\/wp-json\/wp\/v2\/pages\/10\/revisions\/1187"}],"wp:attachment":[{"href":"https:\/\/www.gonvisor.com\/es\/wp-json\/wp\/v2\/media?parent=10"}],"curies":[{"name":"wp","href":"https:\/\/api.w.org\/{rel}","templated":true}]}}