{"id":295,"date":"2012-01-15T17:20:22","date_gmt":"2012-01-15T16:20:22","guid":{"rendered":"http:\/\/dev.gonvisor.com\/es\/?page_id=295"},"modified":"2012-10-01T10:17:11","modified_gmt":"2012-10-01T08:17:11","slug":"donar-versiones-anteriores","status":"publish","type":"page","link":"https:\/\/www.gonvisor.com\/es\/donar-versiones-anteriores","title":{"rendered":"Est\u00e1s usando una versi\u00f3n antigua de GonVisor"},"content":{"rendered":"<div id=\"colLeft\" style=\"width:350px;\">\n<p>Hemos detectado que est\u00e1s usando una versi\u00f3n antigua de GonVisor. Desc\u00e1rgate la \u00faltima versi\u00f3n y disfruta de un mont\u00f3n de nuevas funciones y mejoras.<\/p>\n<p><a href=\"\/es\/descargar-gonvisor\" title=\"Descargar GonVisor\">\u00a1Descarga la \u00faltima versi\u00f3n ahora!<\/a><\/p>\n<\/div>\n<div id=\"colRight\" style=\"width:500px;\">\n<h3>\u00a1Dona ahora!<\/h3>\n<form id=\"donate\" action=\"https:\/\/www.paypal.com\/cgi-bin\/webscr\" method=\"post\">\n<input type=\"hidden\" name=\"cmd\" value=\"_donations\"><br \/>\n<input type=\"hidden\" name=\"business\" value=\"HXLUFEZA47TKY\"><br \/>\n<input type=\"hidden\" name=\"lc\" value=\"ES\"><br \/>\n<input type=\"hidden\" name=\"item_name\" value=\"Gonvisor\"><br \/>\n<input type=\"hidden\" name=\"no_note\" value=\"1\"><br \/>\n<input type=\"hidden\" name=\"no_shipping\" value=\"1\"><br \/>\n<input type=\"hidden\" name=\"bn\" value=\"PP-DonationsBF:btn_donateCC_LG.gif:NonHostedGuest\"><br \/>\n<input type=\"hidden\" name=\"item_number\" value=\"dona es\"><br \/>\n<input style=\"float:left;\" type=\"text\" name=\"amount\" value=\"0.00\" size=\"5\"><br \/>\n<select style=\"width:90px; height:20px; padding:0; margin:0; color:black;\" name=\"currency_code\"><option style=\"margin:0; padding:0;\" value=\"EUR\" selected>EUR<\/option><option value=\"USD\">USD<\/option><option value=\"GBP\">GBP<\/option><\/select><br \/>\n<input style=\"margin-top:5px;\" type=\"image\" src=\"https:\/\/www.paypalobjects.com\/es_ES\/ES\/i\/btn\/btn_donateCC_LG.gif\" border=\"0\" name=\"submit\" alt=\"PayPal - The safer, easier way to pay online!\"><br \/>\n<img decoding=\"async\" loading=\"lazy\" alt=\"\" border=\"0\" src=\"https:\/\/www.paypalobjects.com\/es_ES\/i\/scr\/pixel.gif\" width=\"1\" height=\"1\"><br \/>\n<\/form>\n<h3>Agradecimientos<\/h3>\n<p><a rel=\"prettyPhoto\"  href=\"\/es\/wp-content\/uploads\/2011\/08\/aknowledgements.jpg\"><img decoding=\"async\" loading=\"lazy\" src=\"\/es\/wp-content\/uploads\/2011\/08\/aknowledgements_small2.png\" alt=\"\" title=\"Aknowledgements\" width=\"240\" height=\"139\" style=\"border:none;\"\/><\/a><\/p>\n<\/div>\n","protected":false},"excerpt":{"rendered":"<p>Hemos detectado que est\u00e1s usando una versi\u00f3n antigua de GonVisor. Desc\u00e1rgate la \u00faltima versi\u00f3n y disfruta de un mont\u00f3n de nuevas funciones y mejoras. \u00a1Descarga la \u00faltima versi\u00f3n ahora! \u00a1Dona [&hellip;]<\/p>\n","protected":false},"author":1,"featured_media":0,"parent":0,"menu_order":0,"comment_status":"open","ping_status":"open","template":"page-onecolumn.php","meta":[],"_links":{"self":[{"href":"https:\/\/www.gonvisor.com\/es\/wp-json\/wp\/v2\/pages\/295"}],"collection":[{"href":"https:\/\/www.gonvisor.com\/es\/wp-json\/wp\/v2\/pages"}],"about":[{"href":"https:\/\/www.gonvisor.com\/es\/wp-json\/wp\/v2\/types\/page"}],"author":[{"embeddable":true,"href":"https:\/\/www.gonvisor.com\/es\/wp-json\/wp\/v2\/users\/1"}],"replies":[{"embeddable":true,"href":"https:\/\/www.gonvisor.com\/es\/wp-json\/wp\/v2\/comments?post=295"}],"version-history":[{"count":10,"href":"https:\/\/www.gonvisor.com\/es\/wp-json\/wp\/v2\/pages\/295\/revisions"}],"predecessor-version":[{"id":704,"href":"https:\/\/www.gonvisor.com\/es\/wp-json\/wp\/v2\/pages\/295\/revisions\/704"}],"wp:attachment":[{"href":"https:\/\/www.gonvisor.com\/es\/wp-json\/wp\/v2\/media?parent=295"}],"curies":[{"name":"wp","href":"https:\/\/api.w.org\/{rel}","templated":true}]}}