{"id":38,"date":"2011-08-12T13:18:03","date_gmt":"2011-08-12T11:18:03","guid":{"rendered":"http:\/\/www.gonvisor.com\/es\/?page_id=38"},"modified":"2015-04-21T02:00:15","modified_gmt":"2015-04-21T00:00:15","slug":"gestion-archivos-cbr","status":"publish","type":"page","link":"https:\/\/www.gonvisor.com\/es\/gestion-archivos-cbr","title":{"rendered":"Gesti\u00f3n de archivos Cbr\/cbz\/.."},"content":{"rendered":"<p><img decoding=\"async\" loading=\"lazy\" class=\"alignnone size-full wp-image-351\" title=\"Gesti\u00f3n de archivos CB*\" src=\"\/es\/wp-content\/uploads\/2011\/08\/managecbr.jpg\" alt=\"\" width=\"300\" height=\"115\" \/><\/p>\n<p><strong style=\"line-height: 22px;\">Gestiona tus archivos cbr, cbz, cba y cbz!<\/strong><\/p>\n<p><strong style=\"line-height: 22px;\"><\/strong><span style=\"line-height: 22px;\">&#8211; Busca todos los c\u00f3mics en tu PC, mostrando su autor, fecha&#8230;<\/span><\/p>\n<p><span style=\"line-height: 22px;\">&#8211; Comprueba que c\u00f3mics has le\u00eddo o empezado.<\/span><\/p>\n<p><span style=\"line-height: 22px;\">&#8211; Puntua tus c\u00f3mics finalizados.. \u00a1tendr\u00e1s tu propio ranking de c\u00f3mics favoritos!<\/span><\/p>\n<p><span style=\"line-height: 22px;\">&#8211; Crea f\u00e1cilmente tus ficheros cbr y cbz, ordenando las im\u00e1genes y a\u00f1andiedo una descripci\u00f3n.<\/span><\/p>\n","protected":false},"excerpt":{"rendered":"<p>Gestiona tus archivos cbr, cbz, cba y cbz! &#8211; Busca todos los c\u00f3mics en tu PC, mostrando su autor, fecha&#8230; &#8211; Comprueba que c\u00f3mics has le\u00eddo o empezado. &#8211; Puntua [&hellip;]<\/p>\n","protected":false},"author":1,"featured_media":0,"parent":0,"menu_order":0,"comment_status":"open","ping_status":"closed","template":"","meta":[],"_links":{"self":[{"href":"https:\/\/www.gonvisor.com\/es\/wp-json\/wp\/v2\/pages\/38"}],"collection":[{"href":"https:\/\/www.gonvisor.com\/es\/wp-json\/wp\/v2\/pages"}],"about":[{"href":"https:\/\/www.gonvisor.com\/es\/wp-json\/wp\/v2\/types\/page"}],"author":[{"embeddable":true,"href":"https:\/\/www.gonvisor.com\/es\/wp-json\/wp\/v2\/users\/1"}],"replies":[{"embeddable":true,"href":"https:\/\/www.gonvisor.com\/es\/wp-json\/wp\/v2\/comments?post=38"}],"version-history":[{"count":14,"href":"https:\/\/www.gonvisor.com\/es\/wp-json\/wp\/v2\/pages\/38\/revisions"}],"predecessor-version":[{"id":262,"href":"https:\/\/www.gonvisor.com\/es\/wp-json\/wp\/v2\/pages\/38\/revisions\/262"}],"wp:attachment":[{"href":"https:\/\/www.gonvisor.com\/es\/wp-json\/wp\/v2\/media?parent=38"}],"curies":[{"name":"wp","href":"https:\/\/api.w.org\/{rel}","templated":true}]}}