{"id":437,"date":"2012-02-07T22:06:56","date_gmt":"2012-02-07T21:06:56","guid":{"rendered":"http:\/\/www.gonvisor.com\/es\/?page_id=437"},"modified":"2025-03-31T13:29:59","modified_gmt":"2025-03-31T11:29:59","slug":"toolslinks","status":"publish","type":"page","link":"https:\/\/www.gonvisor.com\/es\/toolslinks","title":{"rendered":"Tools&#038;Links"},"content":{"rendered":"<h2>COMPLEMENTOS LIBRES:<\/h2>\n<ul>\n<li><strong>PDFTools:<\/strong> Incluye PDFtoCairo (recomendado), PDFInfo y PDFtoPNG. Permite a GonVisor abrir cualquier archivo PDF con m\u00e1xima compatibilidad. La instalaci\u00f3n est\u00e1ndar de la \u00faltima versi\u00f3n de GonVisor ya lo incluye, pero si lo necesitas resintalar simplemente descompr\u00edme la carpeta PDFTools en la misma ruta donde has instalado GonVisor (IMPRESCINDIBLE!):<br \/>\n<p>\r\n<script>\r\nfunction thanks(argURL) {\r\nif(argURL.indexOf('PDF') == -1) {    setTimeout(function () {\r\n        location.href = argURL;\r\n}, 3000);\r\n}}\r\n<\/script>\r\n\r\n<a  onclick=\"thanks('gracias-por-descargar-gonvisor?download_link=https:\/\/www.gonvisor.com\/es\/?dl_name=PDFTools.zip')\"  href=\"https:\/\/www.gonvisor.com\/es\/?dl_name=PDFTools.zip\">\r\n<img src=\"http:\/\/www.gonvisor.com\/es\/wp-content\/plugins\/wp-downloadmanager\/images\/ext\/download_icon.png\" alt=\"\" title=\"\" style=\"vertical-align: middle;\" \/>&nbsp;&nbsp;<strong>Descargar PDFTools (Permite a GonVisor abrir PDF\u00b4s) <\/a><\/strong> (1,834 descargas)\r\n\r\n<\/p><\/li>\n<li><strong>CBX Shell:<\/strong> Muestra miniaturas de archivos cbz y cbr en el Explorador de Windows (IMPRESCINDIBLE!):<br \/>\n<p>\r\n<script>\r\nfunction thanks(argURL) {\r\nif(argURL.indexOf('PDF') == -1) {    setTimeout(function () {\r\n        location.href = argURL;\r\n}, 3000);\r\n}}\r\n<\/script>\r\n\r\n<a  onclick=\"thanks('gracias-por-descargar-gonvisor?download_link=https:\/\/www.gonvisor.com\/es\/?dl_name=CBXShell.zip')\"  href=\"https:\/\/www.gonvisor.com\/es\/?dl_name=CBXShell.zip\">\r\n<img src=\"http:\/\/www.gonvisor.com\/es\/wp-content\/plugins\/wp-downloadmanager\/images\/ext\/download_icon.png\" alt=\"\" title=\"\" style=\"vertical-align: middle;\" \/>&nbsp;&nbsp;<strong>CBXShell <\/a><\/strong> (3,723 descargas)\r\n\r\n<\/p><\/li>\n<li><strong>ffmpeg:<\/strong> Permite a GonVisor crear v\u00eddeos totalemente customizables a partir de im\u00e1genes o extraer im\u00e1genes de v\u00eddeos  (IMPRESCINDIBLE!):<br \/>\n<a href=\"https:\/\/ffmpeg.org\/download.html#build-windows\" target=\"_blank\" rel=\"noopener noreferrer\">https:\/\/ffmpeg.org\/download.html<\/a><\/li>\n<li><strong>PDFCreator:<\/strong> Permite a GonVisor crear PDF\u00b4s, as\u00ed puedes convertir tus ficheros de im\u00e1genes, cbr\/cbz.. a PDF. S\u00f3lo imprime desde GonVisor a la impresora virtual de PDFCreator:<br \/>\n<a href=\"http:\/\/sourceforge.net\/projects\/pdfcreator\/\" target=\"_blank\" rel=\"noopener noreferrer\">http:\/\/sourceforge.net\/projects\/pdfcreator\/<\/a><\/li>\n<li><strong>7Zip:<\/strong> GonVisor lo necesitar\u00e1 para abrir algunos ficheros cb7 y 7z:<br \/>\n<a href=\"http:\/\/www.7-zip.org\" target=\"_blank\" rel=\"noopener noreferrer\">http:\/\/www.7-zip.org<\/a><\/li>\n<\/ul>\n<h2>LINKS DE ECOMICS<\/h2>\n<p>Encontr\u00e1s muchos ecomics (archivos cbr, cbz..) buscando en la web, en foros, programas P2P&#8230; Estos son algunos links para descargar comics de libre distribuci\u00f3n. Cont\u00e1ctanos para decirnos otros links interesantes que conozcas:<\/p>\n<ul>\n<li><strong>Panel Syndicate<\/strong><br \/>\n<a href=\"http:\/\/panelsyndicate.com\/\" target=\"_blank\" rel=\"noopener noreferrer\">http:\/\/panelsyndicate.com\/<\/a><\/li>\n<li><strong>Golden Age Comics from Digital Comic Museum:<\/strong><br \/>\n<a href=\"http:\/\/digitalcomicmuseum.com\/\" target=\"_blank\" rel=\"noopener noreferrer\">http:\/\/digitalcomicmuseum.com\/<\/a><\/li>\n<li><strong>Golden Age Comics:<\/strong><br \/>\n<a href=\"http:\/\/goldenagecomics.co.uk\/\" target=\"_blank\" rel=\"noopener noreferrer\">http:\/\/goldenagecomics.co.uk\/<\/a><\/li>\n<li><strong>Peter Quach: Freedman and other comics:<\/strong><br \/>\n<a href=\"http:\/\/peterquach.com\/\" target=\"_blank\" rel=\"noopener noreferrer\">http:\/\/peterquach.com\/<\/a><\/li>\n<li><strong>Tales from the Public Domain, Bound by law:<\/strong><br \/>\n<a href=\"http:\/\/www.law.duke.edu\/cspd\/comics\/digital.php\" target=\"_blank\" rel=\"noopener noreferrer\">http:\/\/www.law.duke.edu\/cspd\/comics\/digital.php<\/a><\/li>\n<li><strong>Univesal archive (Buscando archivos cbr o cbz)<\/strong><br \/>\n<a href=\"http:\/\/www.archive.org\/search.php?query=%28cbr%20OR%20cbz%29%20AND%20mediatype%3Atexts\" target=\"_blank\" rel=\"noopener noreferrer\">http:\/\/www.archive.org\/search.php?query=%28cbr%20OR%20cbz%29%20AND%20mediatype%3Atexts<\/a><\/li>\n<\/ul>\n<h2>GONVISOR EN LA WEB<\/h2>\n<p>En el momento de creaci\u00f3n de esta web, GonVisor ten\u00eda m\u00e1s de 300,000 referencias en Internet. Encontrar\u00e1s opiniones y comentarios sobre \u00e9l en m\u00faltiples foros y portales de software. Estos son s\u00f3lo unos ejemplos de webs relevantes hablando sobre GonVisor:<\/p>\n<ul>\n<li><a href=\"http:\/\/www.freewaregenius.com\/2012\/02\/28\/view-and-manage-your-comics-and-digital-images-with-gonvisor\/\" target=\"_blank\" rel=\"noopener noreferrer\">Freeware Genius: GonVisor (en)<\/a><\/li>\n<li><a href=\"http:\/\/www.ghacks.net\/2012\/01\/26\/gonvisor-image-comic-book-and-ebook-reader\/\" target=\"_blank\" rel=\"noopener noreferrer\">Ghacks: GonVisor (en)<\/a><\/li>\n<li><a href=\"http:\/\/www.addictivetips.com\/windows-tips\/gonvisor-viewer-for-images-e-books-comics-and-compressed-file-formats\/\" target=\"_blank\" rel=\"noopener noreferrer\">Addictivetips: GonVisor (en)<\/a><\/li>\n<li><a href=\"http:\/\/gonvisor.software.informer.com\/\" target=\"_blank\" rel=\"noopener noreferrer\">Software.informer: GonVisor (en)<\/a><\/li>\n<li><a href=\"http:\/\/www.softpedia.es\/programa-GonVisor-51829.html\" target=\"_blank\" rel=\"noopener noreferrer\">Softpedia: GonVisor (en)<\/a><\/li>\n<li><a href=\"http:\/\/www.pcadvisor.co.uk\/download\/audio-video-photo\/gonvisor-242-3329611\/\" target=\"_blank\" rel=\"noopener noreferrer\">PCAdvisor: GonVisor (en)<\/a><\/li>\n<li><a href=\"http:\/\/www.downloadcrew.com\/article\/27399-gonvisor\" target=\"_blank\" rel=\"noopener noreferrer\">DownloadCrew: GonVisor (en)<\/a><\/li>\n<li><a href=\"http:\/\/betanews.com\/2012\/04\/09\/need-a-break-read-comics-with-gonvisor\/\" target=\"_blank\" rel=\"noopener noreferrer\">Betanews: GonVisor (en)<\/a><\/li>\n<li><a href=\"http:\/\/www.gialloporpora.netsons.org\/gestione-avanzata-delle-immagini-in-un-archivio-compresso-cbr-cbz-e-non-solo\/609\/\" target=\"_blank\" rel=\"noopener noreferrer\">Gialloporpora: GonVisor (it)<\/a><\/li>\n<li><a href=\"http:\/\/www.baixaki.com.br\/download\/gonvisor.htm\" target=\"_blank\" rel=\"noopener noreferrer\">Baixaki: GonVisor (br)<\/a><\/li>\n<li><a href=\"http:\/\/www.techtudo.com.br\/downloads\/gonvisor\" target=\"_blank\" rel=\"noopener noreferrer\">Techtudo: GonVisor (br)<\/a><\/li>\n<li><a href=\"http:\/\/gonvisor.softonic.com\/\" target=\"_blank\" rel=\"noopener noreferrer\">Softonic: GonVisor (es)<\/a><\/li>\n<\/ul>\n","protected":false},"excerpt":{"rendered":"<p>COMPLEMENTOS LIBRES: PDFTools: Incluye PDFtoCairo (recomendado), PDFInfo y PDFtoPNG. Permite a GonVisor abrir cualquier archivo PDF con m\u00e1xima compatibilidad. La instalaci\u00f3n est\u00e1ndar de la \u00faltima versi\u00f3n de GonVisor ya lo [&hellip;]<\/p>\n","protected":false},"author":1,"featured_media":0,"parent":0,"menu_order":0,"comment_status":"closed","ping_status":"closed","template":"","meta":[],"_links":{"self":[{"href":"https:\/\/www.gonvisor.com\/es\/wp-json\/wp\/v2\/pages\/437"}],"collection":[{"href":"https:\/\/www.gonvisor.com\/es\/wp-json\/wp\/v2\/pages"}],"about":[{"href":"https:\/\/www.gonvisor.com\/es\/wp-json\/wp\/v2\/types\/page"}],"author":[{"embeddable":true,"href":"https:\/\/www.gonvisor.com\/es\/wp-json\/wp\/v2\/users\/1"}],"replies":[{"embeddable":true,"href":"https:\/\/www.gonvisor.com\/es\/wp-json\/wp\/v2\/comments?post=437"}],"version-history":[{"count":28,"href":"https:\/\/www.gonvisor.com\/es\/wp-json\/wp\/v2\/pages\/437\/revisions"}],"predecessor-version":[{"id":1419,"href":"https:\/\/www.gonvisor.com\/es\/wp-json\/wp\/v2\/pages\/437\/revisions\/1419"}],"wp:attachment":[{"href":"https:\/\/www.gonvisor.com\/es\/wp-json\/wp\/v2\/media?parent=437"}],"curies":[{"name":"wp","href":"https:\/\/api.w.org\/{rel}","templated":true}]}}