{"id":448,"date":"2012-02-11T23:56:05","date_gmt":"2012-02-11T22:56:05","guid":{"rendered":"http:\/\/www.gonvisor.com\/es\/?page_id=448"},"modified":"2025-12-30T02:56:00","modified_gmt":"2025-12-30T01:56:00","slug":"gracias-por-descargar-gonvisor","status":"publish","type":"page","link":"https:\/\/www.gonvisor.com\/es\/gracias-por-descargar-gonvisor","title":{"rendered":"\u00a1Gracias por descargar GonVisor!"},"content":{"rendered":"<p>.<\/p>\n<p><a href=\"https:\/\/www.gonvisor.com\/es\/?dl_name=setup_GonVisor_2_93_00_viewer.exe\">Pulsa aqu\u00ed si no se ha iniciado la descarga autom\u00e1ticamente de la instalaci\u00f3n para WINDOWS<\/a><\/p>\n<p><a href=\"https:\/\/www.gonvisor.com\/es\/?dl_name=Portable_GonVisor_2_93_00.zip\">Pulsa aqu\u00ed para descargar la versi\u00f3n PORTABLE si tu navegador o firewall bloquea la descarga<\/a><\/p>\n<p><a href=\"https:\/\/www.gonvisor.com\/es\/?dl_name=Portable_GonVisor_2_51_01_For_Wine.zip\">Pulsa aqu\u00ed si no se ha iniciado la descarga autom\u00e1ticamente de la versi\u00f3n para WINE<\/a><\/p>\n<p><a href=\"https:\/\/www.gonvisor.com\/es\/cambios-de-la-nueva-version\">Pulsa aqu\u00ed para ver el listado de cambios de la \u00faltima versi\u00f3n<\/a><\/p>\n<p><strong>La descarga terminar\u00e1 en breve<\/strong><\/p>\n<div style=\"float: left;\">\n<script async=\"\" src=\"https:\/\/pagead2.googlesyndication.com\/pagead\/js\/adsbygoogle.js?client=ca-pub-9767104349553199\" crossorigin=\"anonymous\"><\/script><br \/>\n<ins class=\"adsbygoogle\" style=\"display:inline-block;width:160px;height:600px\" data-ad-client=\"ca-pub-9767104349553199\" data-ad-slot=\"4589687387\"><\/ins><br \/>\n<script><br \/>\n     (adsbygoogle = window.adsbygoogle || []).push({});<br \/>\n<\/script><br \/>\n<iframe loading=\"lazy\" src=\"\/download.php\" width=\"1\" height=\"1\" frameborder=\"0\"><\/iframe><\/p>\n<\/div>\n","protected":false},"excerpt":{"rendered":"<p>. Pulsa aqu\u00ed si no se ha iniciado la descarga autom\u00e1ticamente de la instalaci\u00f3n para WINDOWS Pulsa aqu\u00ed para descargar la versi\u00f3n PORTABLE si tu navegador o firewall bloquea la [&hellip;]<\/p>\n","protected":false},"author":1,"featured_media":0,"parent":0,"menu_order":0,"comment_status":"closed","ping_status":"closed","template":"page-onecolumn.php","meta":[],"_links":{"self":[{"href":"https:\/\/www.gonvisor.com\/es\/wp-json\/wp\/v2\/pages\/448"}],"collection":[{"href":"https:\/\/www.gonvisor.com\/es\/wp-json\/wp\/v2\/pages"}],"about":[{"href":"https:\/\/www.gonvisor.com\/es\/wp-json\/wp\/v2\/types\/page"}],"author":[{"embeddable":true,"href":"https:\/\/www.gonvisor.com\/es\/wp-json\/wp\/v2\/users\/1"}],"replies":[{"embeddable":true,"href":"https:\/\/www.gonvisor.com\/es\/wp-json\/wp\/v2\/comments?post=448"}],"version-history":[{"count":138,"href":"https:\/\/www.gonvisor.com\/es\/wp-json\/wp\/v2\/pages\/448\/revisions"}],"predecessor-version":[{"id":1445,"href":"https:\/\/www.gonvisor.com\/es\/wp-json\/wp\/v2\/pages\/448\/revisions\/1445"}],"wp:attachment":[{"href":"https:\/\/www.gonvisor.com\/es\/wp-json\/wp\/v2\/media?parent=448"}],"curies":[{"name":"wp","href":"https:\/\/api.w.org\/{rel}","templated":true}]}}