{"id":471,"date":"2012-02-19T11:10:29","date_gmt":"2012-02-19T10:10:29","guid":{"rendered":"http:\/\/www.gonvisor.com\/es\/?page_id=471"},"modified":"2015-04-21T02:00:49","modified_gmt":"2015-04-21T00:00:49","slug":"gonvisor-en-videos","status":"publish","type":"page","link":"https:\/\/www.gonvisor.com\/es\/gonvisor-en-videos","title":{"rendered":"GonVisor para Wine"},"content":{"rendered":"<p><img decoding=\"async\" loading=\"lazy\" class=\"alignnone size-full wp-image-412\" title=\"GonVisor para Wine\" src=\"https:\/\/www.gonvisor.com\/es\/\/wp-content\/uploads\/GonVisor_Wine.png\" alt=\"\" width=\"300\" height=\"115\" \/><br \/>\n<strong><\/strong><\/p>\n<p><strong>Descarga versi\u00f3n de GonVisor para Wine <\/strong><\/p>\n<p>Ahora podr\u00e1s ejecutar GonVisor tambi\u00e9n en Linux\/Mac\/Solaris usando Wine (Probado en Ubuntu)<\/p>\n","protected":false},"excerpt":{"rendered":"<p>Descarga versi\u00f3n de GonVisor para Wine Ahora podr\u00e1s ejecutar GonVisor tambi\u00e9n en Linux\/Mac\/Solaris usando Wine (Probado en Ubuntu)<\/p>\n","protected":false},"author":1,"featured_media":0,"parent":0,"menu_order":0,"comment_status":"closed","ping_status":"closed","template":"","meta":[],"_links":{"self":[{"href":"https:\/\/www.gonvisor.com\/es\/wp-json\/wp\/v2\/pages\/471"}],"collection":[{"href":"https:\/\/www.gonvisor.com\/es\/wp-json\/wp\/v2\/pages"}],"about":[{"href":"https:\/\/www.gonvisor.com\/es\/wp-json\/wp\/v2\/types\/page"}],"author":[{"embeddable":true,"href":"https:\/\/www.gonvisor.com\/es\/wp-json\/wp\/v2\/users\/1"}],"replies":[{"embeddable":true,"href":"https:\/\/www.gonvisor.com\/es\/wp-json\/wp\/v2\/comments?post=471"}],"version-history":[{"count":10,"href":"https:\/\/www.gonvisor.com\/es\/wp-json\/wp\/v2\/pages\/471\/revisions"}],"predecessor-version":[{"id":566,"href":"https:\/\/www.gonvisor.com\/es\/wp-json\/wp\/v2\/pages\/471\/revisions\/566"}],"wp:attachment":[{"href":"https:\/\/www.gonvisor.com\/es\/wp-json\/wp\/v2\/media?parent=471"}],"curies":[{"name":"wp","href":"https:\/\/api.w.org\/{rel}","templated":true}]}}