{"id":7,"date":"2011-08-12T12:24:26","date_gmt":"2011-08-12T10:24:26","guid":{"rendered":"http:\/\/www.gonvisor.com\/es\/?page_id=7"},"modified":"2025-12-30T02:54:04","modified_gmt":"2025-12-30T01:54:04","slug":"descargar-gonvisor","status":"publish","type":"page","link":"https:\/\/www.gonvisor.com\/es\/descargar-gonvisor","title":{"rendered":"Descargas"},"content":{"rendered":"<div style=\"float: left; width: 660px;\">\n<form id=\"myForm\" action=\"\/validate.php\" method=\"post\"><strong>Versi\u00f3n 2.93 &#8211; Dic 2025<\/strong>&nbsp;<a href=\"https:\/\/www.gonvisor.com\/es\/cambios-de-la-nueva-version\">(Pulsa aqu\u00ed para ver los cambios de la \u00faltima versi\u00f3n)<\/a>:<p><\/p>\n<p>Instalaci\u00f3n Windows:<br><p>\r\n<script>\r\nfunction thanks(argURL) {\r\nif(argURL.indexOf('PDF') == -1) {    setTimeout(function () {\r\n        location.href = argURL;\r\n}, 3000);\r\n}}\r\n<\/script>\r\n\r\n<a  onclick=\"thanks('gracias-por-descargar-gonvisor?download_link=https:\/\/www.gonvisor.com\/es\/?dl_name=setup_GonVisor_2_93_00_viewer.exe')\"  href=\"https:\/\/www.gonvisor.com\/es\/?dl_name=setup_GonVisor_2_93_00_viewer.exe\">\r\n<img src=\"http:\/\/www.gonvisor.com\/es\/wp-content\/plugins\/wp-downloadmanager\/images\/ext\/download_icon.png\" alt=\"\" title=\"\" style=\"vertical-align: middle;\" \/>&nbsp;&nbsp;<strong>Descarga GonVisor 2.93 Instalaci\u00f3n Windows <\/a><\/strong> (28,299 descargas)\r\n\r\n<\/p><\/p>\n<p>Versi\u00f3n portable para Windows (No requiere instalaci\u00f3n):<br><p>\r\n<script>\r\nfunction thanks(argURL) {\r\nif(argURL.indexOf('PDF') == -1) {    setTimeout(function () {\r\n        location.href = argURL;\r\n}, 3000);\r\n}}\r\n<\/script>\r\n\r\n<a  onclick=\"thanks('gracias-por-descargar-gonvisor?download_link=https:\/\/www.gonvisor.com\/es\/?dl_name=Portable_GonVisor_2_93_00.zip')\"  href=\"https:\/\/www.gonvisor.com\/es\/?dl_name=Portable_GonVisor_2_93_00.zip\">\r\n<img src=\"http:\/\/www.gonvisor.com\/es\/wp-content\/plugins\/wp-downloadmanager\/images\/ext\/download_icon.png\" alt=\"\" title=\"\" style=\"vertical-align: middle;\" \/>&nbsp;&nbsp;<strong>Descarga GonVisor 2.93 Windows Portable <\/a><\/strong> (7,149 descargas)\r\n\r\n<\/p><\/p>\n<hr>\n<p><strong>Versiones antiguas:<\/strong><\/p>\n<p>Instalaci\u00f3n antigua Windows:<br><p>\r\n<script>\r\nfunction thanks(argURL) {\r\nif(argURL.indexOf('PDF') == -1) {    setTimeout(function () {\r\n        location.href = argURL;\r\n}, 3000);\r\n}}\r\n<\/script>\r\n\r\n<a  onclick=\"thanks('gracias-por-descargar-gonvisor?download_link=https:\/\/www.gonvisor.com\/es\/?dl_name=setup_GonVisor_2_92_03_viewer.exe')\"  href=\"https:\/\/www.gonvisor.com\/es\/?dl_name=setup_GonVisor_2_92_03_viewer.exe\">\r\n<img src=\"http:\/\/www.gonvisor.com\/es\/wp-content\/plugins\/wp-downloadmanager\/images\/ext\/download_icon.png\" alt=\"\" title=\"\" style=\"vertical-align: middle;\" \/>&nbsp;&nbsp;<strong>Descarga GonVisor 2.92 r03 Instalaci\u00f3n Windows <\/a><\/strong> (55,457 descargas)\r\n\r\n<\/p><\/p>\n<p>Versi\u00f3n antigua portable para Windows (No requiere instalaci\u00f3n):<br><p>\r\n<script>\r\nfunction thanks(argURL) {\r\nif(argURL.indexOf('PDF') == -1) {    setTimeout(function () {\r\n        location.href = argURL;\r\n}, 3000);\r\n}}\r\n<\/script>\r\n\r\n<a  onclick=\"thanks('gracias-por-descargar-gonvisor?download_link=https:\/\/www.gonvisor.com\/es\/?dl_name=Portable_GonVisor_2_92_03.zip')\"  href=\"https:\/\/www.gonvisor.com\/es\/?dl_name=Portable_GonVisor_2_92_03.zip\">\r\n<img src=\"http:\/\/www.gonvisor.com\/es\/wp-content\/plugins\/wp-downloadmanager\/images\/ext\/download_icon.png\" alt=\"\" title=\"\" style=\"vertical-align: middle;\" \/>&nbsp;&nbsp;<strong>Descarga GonVisor 2.92 r03 Windows Portable <\/a><\/strong> (13,976 descargas)\r\n\r\n<\/p><\/p>\n<p>Versi\u00f3n antigua portable para Linux\/MAC\/Solaris usando WINE:<br><p>\r\n<script>\r\nfunction thanks(argURL) {\r\nif(argURL.indexOf('PDF') == -1) {    setTimeout(function () {\r\n        location.href = argURL;\r\n}, 3000);\r\n}}\r\n<\/script>\r\n\r\n<a  onclick=\"thanks('gracias-por-descargar-gonvisor?download_link=https:\/\/www.gonvisor.com\/es\/?dl_name=Portable_GonVisor_2_51_01_For_Wine.zip')\"  href=\"https:\/\/www.gonvisor.com\/es\/?dl_name=Portable_GonVisor_2_51_01_For_Wine.zip\">\r\n<img src=\"http:\/\/www.gonvisor.com\/es\/wp-content\/plugins\/wp-downloadmanager\/images\/ext\/download_icon.png\" alt=\"\" title=\"\" style=\"vertical-align: middle;\" \/>&nbsp;&nbsp;<strong>Descarga GonVisor 2.51 WINE para Linux\/Mac\/Solaris <\/a><\/strong> (19,571 descargas)\r\n\r\n<\/p><\/p>\n<\/form>\n<p><script async=\"\" src=\"https:\/\/pagead2.googlesyndication.com\/pagead\/js\/adsbygoogle.js?client=ca-pub-9767104349553199\" crossorigin=\"anonymous\"><\/script><br>\n<ins class=\"adsbygoogle\" style=\"display:inline-block;width:160px;height:300px\" data-ad-client=\"ca-pub-9767104349553199\" data-ad-slot=\"4589687387\"><\/ins><br>\n<script><br \/>\n     (adsbygoogle = window.adsbygoogle || []).push({});<br \/>\n<\/script>\n<\/p>\n<\/div>\n\n\n<p><\/p>\n","protected":false},"excerpt":{"rendered":"<p>Versi\u00f3n 2.93 &#8211; Dic 2025&nbsp;(Pulsa aqu\u00ed para ver los cambios de la \u00faltima versi\u00f3n): Instalaci\u00f3n Windows: Versi\u00f3n portable para Windows (No requiere instalaci\u00f3n): Versiones antiguas: Instalaci\u00f3n antigua Windows: Versi\u00f3n antigua [&hellip;]<\/p>\n","protected":false},"author":1,"featured_media":0,"parent":0,"menu_order":0,"comment_status":"open","ping_status":"closed","template":"","meta":[],"_links":{"self":[{"href":"https:\/\/www.gonvisor.com\/es\/wp-json\/wp\/v2\/pages\/7"}],"collection":[{"href":"https:\/\/www.gonvisor.com\/es\/wp-json\/wp\/v2\/pages"}],"about":[{"href":"https:\/\/www.gonvisor.com\/es\/wp-json\/wp\/v2\/types\/page"}],"author":[{"embeddable":true,"href":"https:\/\/www.gonvisor.com\/es\/wp-json\/wp\/v2\/users\/1"}],"replies":[{"embeddable":true,"href":"https:\/\/www.gonvisor.com\/es\/wp-json\/wp\/v2\/comments?post=7"}],"version-history":[{"count":272,"href":"https:\/\/www.gonvisor.com\/es\/wp-json\/wp\/v2\/pages\/7\/revisions"}],"predecessor-version":[{"id":1443,"href":"https:\/\/www.gonvisor.com\/es\/wp-json\/wp\/v2\/pages\/7\/revisions\/1443"}],"wp:attachment":[{"href":"https:\/\/www.gonvisor.com\/es\/wp-json\/wp\/v2\/media?parent=7"}],"curies":[{"name":"wp","href":"https:\/\/api.w.org\/{rel}","templated":true}]}}